{"id":256,"date":"2016-07-19T13:38:41","date_gmt":"2016-07-19T12:38:41","guid":{"rendered":"http:\/\/red.local\/home\/?lang=fr"},"modified":"2017-12-06T08:24:23","modified_gmt":"2017-12-06T07:24:23","slug":"accueil","status":"publish","type":"page","link":"https:\/\/realestateantwerp.be\/fr\/","title":{"rendered":"Accueil"},"content":{"rendered":"<p><strong>Bienvenue sur notre site internet\u00a0! <\/strong>En s\u2019adressant \u00e0 nous, toute personne \u00e0 la recherche d\u2019un appartement, d\u2019une maison ou d\u2019un espace commercial a sonn\u00e9 \u00e0 la bonne porte. Vous voulez vendre votre maison\u00a0? La r\u00e9nover\u00a0? Ou encore mettre un appartement en location ou investir d\u2019une autre mani\u00e8re en immobilier\u00a0? Forts de nos longues ann\u00e9es d\u2019exp\u00e9rience, de notre excellente collaboration avec des entrepreneurs comp\u00e9tents et des entreprises de parach\u00e8vement sp\u00e9cialis\u00e9es, sans oublier notre bonne communication avec le client, nous menons \u00e0 bien chaque projet.<\/p>\n","protected":false},"excerpt":{"rendered":"<p>Bienvenue sur notre site internet\u00a0! En s\u2019adressant \u00e0 nous, toute personne \u00e0 la recherche d\u2019un appartement, d\u2019une maison ou d\u2019un espace commercial a sonn\u00e9 \u00e0 la bonne porte. Vous voulez vendre votre maison\u00a0? La r\u00e9nover\u00a0? Ou encore mettre un appartement en location ou investir d\u2019une autre mani\u00e8re en immobilier\u00a0? Forts de nos longues ann\u00e9es d\u2019exp\u00e9rience, [&hellip;]<\/p>\n","protected":false},"author":1,"featured_media":232,"parent":0,"menu_order":78,"comment_status":"closed","ping_status":"open","template":"","meta":{"_acf_changed":false,"footnotes":""},"class_list":["post-256","page","type-page","status-publish","has-post-thumbnail","hentry"],"acf":[],"yoast_head":"<!-- This site is optimized with the Yoast SEO plugin v25.5 - https:\/\/yoast.com\/wordpress\/plugins\/seo\/ -->\n<title>Real Estate Antwerp<\/title>\n<meta name=\"description\" content=\"Welkom op onze website!\u00a0Al wie op zoek is naar een appartement, woning, of commerci\u00eble ruimte is bij ons aan het juiste adres.\" \/>\n<meta name=\"robots\" content=\"index, follow, max-snippet:-1, max-image-preview:large, max-video-preview:-1\" \/>\n<link rel=\"canonical\" href=\"https:\/\/realestateantwerp.be\/fr\/\" \/>\n<meta property=\"og:locale\" content=\"fr_FR\" \/>\n<meta property=\"og:type\" content=\"article\" \/>\n<meta property=\"og:title\" content=\"Real Estate Antwerp\" \/>\n<meta property=\"og:description\" content=\"Welkom op onze website!\u00a0Al wie op zoek is naar een appartement, woning, of commerci\u00eble ruimte is bij ons aan het juiste adres.\" \/>\n<meta property=\"og:url\" content=\"https:\/\/realestateantwerp.be\/fr\/\" \/>\n<meta property=\"og:site_name\" content=\"Real Estate Antwerp\" \/>\n<meta property=\"article:publisher\" content=\"https:\/\/www.facebook.com\/RealEstateAntwerpBE\/\" \/>\n<meta property=\"article:modified_time\" content=\"2017-12-06T07:24:23+00:00\" \/>\n<meta property=\"og:image\" content=\"https:\/\/realestateantwerp.be\/wp-content\/uploads\/2016\/07\/overons.jpg\" \/>\n\t<meta property=\"og:image:width\" content=\"1500\" \/>\n\t<meta property=\"og:image:height\" content=\"800\" \/>\n\t<meta property=\"og:image:type\" content=\"image\/jpeg\" \/>\n<meta name=\"twitter:card\" content=\"summary_large_image\" \/>\n<meta name=\"twitter:site\" content=\"@RealEstateAntw\" \/>\n<script type=\"application\/ld+json\" class=\"yoast-schema-graph\">{\"@context\":\"https:\/\/schema.org\",\"@graph\":[{\"@type\":\"WebPage\",\"@id\":\"https:\/\/realestateantwerp.be\/fr\/\",\"url\":\"https:\/\/realestateantwerp.be\/fr\/\",\"name\":\"Real Estate Antwerp\",\"isPartOf\":{\"@id\":\"https:\/\/realestateantwerp.be\/#website\"},\"primaryImageOfPage\":{\"@id\":\"https:\/\/realestateantwerp.be\/fr\/#primaryimage\"},\"image\":{\"@id\":\"https:\/\/realestateantwerp.be\/fr\/#primaryimage\"},\"thumbnailUrl\":\"https:\/\/realestateantwerp.be\/wp-content\/uploads\/2016\/07\/overons.jpg\",\"datePublished\":\"2016-07-19T12:38:41+00:00\",\"dateModified\":\"2017-12-06T07:24:23+00:00\",\"description\":\"Welkom op onze website!\u00a0Al wie op zoek is naar een appartement, woning, of commerci\u00eble ruimte is bij ons aan het juiste adres.\",\"breadcrumb\":{\"@id\":\"https:\/\/realestateantwerp.be\/fr\/#breadcrumb\"},\"inLanguage\":\"fr-FR\",\"potentialAction\":[{\"@type\":\"ReadAction\",\"target\":[\"https:\/\/realestateantwerp.be\/fr\/\"]}]},{\"@type\":\"ImageObject\",\"inLanguage\":\"fr-FR\",\"@id\":\"https:\/\/realestateantwerp.be\/fr\/#primaryimage\",\"url\":\"https:\/\/realestateantwerp.be\/wp-content\/uploads\/2016\/07\/overons.jpg\",\"contentUrl\":\"https:\/\/realestateantwerp.be\/wp-content\/uploads\/2016\/07\/overons.jpg\",\"width\":1500,\"height\":800},{\"@type\":\"BreadcrumbList\",\"@id\":\"https:\/\/realestateantwerp.be\/fr\/#breadcrumb\",\"itemListElement\":[{\"@type\":\"ListItem\",\"position\":1,\"name\":\"Home\",\"item\":\"https:\/\/realestateantwerp.be\/fr\/\"},{\"@type\":\"ListItem\",\"position\":2,\"name\":\"Accueil\"}]},{\"@type\":\"WebSite\",\"@id\":\"https:\/\/realestateantwerp.be\/#website\",\"url\":\"https:\/\/realestateantwerp.be\/\",\"name\":\"Real Estate Antwerp\",\"description\":\"En nog een WordPress site\",\"publisher\":{\"@id\":\"https:\/\/realestateantwerp.be\/#organization\"},\"potentialAction\":[{\"@type\":\"SearchAction\",\"target\":{\"@type\":\"EntryPoint\",\"urlTemplate\":\"https:\/\/realestateantwerp.be\/?s={search_term_string}\"},\"query-input\":{\"@type\":\"PropertyValueSpecification\",\"valueRequired\":true,\"valueName\":\"search_term_string\"}}],\"inLanguage\":\"fr-FR\"},{\"@type\":\"Organization\",\"@id\":\"https:\/\/realestateantwerp.be\/#organization\",\"name\":\"Real Estate Antwerp\",\"url\":\"https:\/\/realestateantwerp.be\/\",\"logo\":{\"@type\":\"ImageObject\",\"inLanguage\":\"fr-FR\",\"@id\":\"https:\/\/realestateantwerp.be\/#\/schema\/logo\/image\/\",\"url\":\"https:\/\/realestateantwerp.be\/wp-content\/uploads\/2020\/03\/logo_full.png\",\"contentUrl\":\"https:\/\/realestateantwerp.be\/wp-content\/uploads\/2020\/03\/logo_full.png\",\"width\":2240,\"height\":920,\"caption\":\"Real Estate Antwerp\"},\"image\":{\"@id\":\"https:\/\/realestateantwerp.be\/#\/schema\/logo\/image\/\"},\"sameAs\":[\"https:\/\/www.facebook.com\/RealEstateAntwerpBE\/\",\"https:\/\/x.com\/RealEstateAntw\",\"https:\/\/www.instagram.com\/realestateantwerp.be\/?hl=en\",\"https:\/\/www.pinterest.com\/realestateantwerpbe\/\"]}]}<\/script>\n<!-- \/ Yoast SEO plugin. -->","yoast_head_json":{"title":"Real Estate Antwerp","description":"Welkom op onze website!\u00a0Al wie op zoek is naar een appartement, woning, of commerci\u00eble ruimte is bij ons aan het juiste adres.","robots":{"index":"index","follow":"follow","max-snippet":"max-snippet:-1","max-image-preview":"max-image-preview:large","max-video-preview":"max-video-preview:-1"},"canonical":"https:\/\/realestateantwerp.be\/fr\/","og_locale":"fr_FR","og_type":"article","og_title":"Real Estate Antwerp","og_description":"Welkom op onze website!\u00a0Al wie op zoek is naar een appartement, woning, of commerci\u00eble ruimte is bij ons aan het juiste adres.","og_url":"https:\/\/realestateantwerp.be\/fr\/","og_site_name":"Real Estate Antwerp","article_publisher":"https:\/\/www.facebook.com\/RealEstateAntwerpBE\/","article_modified_time":"2017-12-06T07:24:23+00:00","og_image":[{"width":1500,"height":800,"url":"https:\/\/realestateantwerp.be\/wp-content\/uploads\/2016\/07\/overons.jpg","type":"image\/jpeg"}],"twitter_card":"summary_large_image","twitter_site":"@RealEstateAntw","schema":{"@context":"https:\/\/schema.org","@graph":[{"@type":"WebPage","@id":"https:\/\/realestateantwerp.be\/fr\/","url":"https:\/\/realestateantwerp.be\/fr\/","name":"Real Estate Antwerp","isPartOf":{"@id":"https:\/\/realestateantwerp.be\/#website"},"primaryImageOfPage":{"@id":"https:\/\/realestateantwerp.be\/fr\/#primaryimage"},"image":{"@id":"https:\/\/realestateantwerp.be\/fr\/#primaryimage"},"thumbnailUrl":"https:\/\/realestateantwerp.be\/wp-content\/uploads\/2016\/07\/overons.jpg","datePublished":"2016-07-19T12:38:41+00:00","dateModified":"2017-12-06T07:24:23+00:00","description":"Welkom op onze website!\u00a0Al wie op zoek is naar een appartement, woning, of commerci\u00eble ruimte is bij ons aan het juiste adres.","breadcrumb":{"@id":"https:\/\/realestateantwerp.be\/fr\/#breadcrumb"},"inLanguage":"fr-FR","potentialAction":[{"@type":"ReadAction","target":["https:\/\/realestateantwerp.be\/fr\/"]}]},{"@type":"ImageObject","inLanguage":"fr-FR","@id":"https:\/\/realestateantwerp.be\/fr\/#primaryimage","url":"https:\/\/realestateantwerp.be\/wp-content\/uploads\/2016\/07\/overons.jpg","contentUrl":"https:\/\/realestateantwerp.be\/wp-content\/uploads\/2016\/07\/overons.jpg","width":1500,"height":800},{"@type":"BreadcrumbList","@id":"https:\/\/realestateantwerp.be\/fr\/#breadcrumb","itemListElement":[{"@type":"ListItem","position":1,"name":"Home","item":"https:\/\/realestateantwerp.be\/fr\/"},{"@type":"ListItem","position":2,"name":"Accueil"}]},{"@type":"WebSite","@id":"https:\/\/realestateantwerp.be\/#website","url":"https:\/\/realestateantwerp.be\/","name":"Real Estate Antwerp","description":"En nog een WordPress site","publisher":{"@id":"https:\/\/realestateantwerp.be\/#organization"},"potentialAction":[{"@type":"SearchAction","target":{"@type":"EntryPoint","urlTemplate":"https:\/\/realestateantwerp.be\/?s={search_term_string}"},"query-input":{"@type":"PropertyValueSpecification","valueRequired":true,"valueName":"search_term_string"}}],"inLanguage":"fr-FR"},{"@type":"Organization","@id":"https:\/\/realestateantwerp.be\/#organization","name":"Real Estate Antwerp","url":"https:\/\/realestateantwerp.be\/","logo":{"@type":"ImageObject","inLanguage":"fr-FR","@id":"https:\/\/realestateantwerp.be\/#\/schema\/logo\/image\/","url":"https:\/\/realestateantwerp.be\/wp-content\/uploads\/2020\/03\/logo_full.png","contentUrl":"https:\/\/realestateantwerp.be\/wp-content\/uploads\/2020\/03\/logo_full.png","width":2240,"height":920,"caption":"Real Estate Antwerp"},"image":{"@id":"https:\/\/realestateantwerp.be\/#\/schema\/logo\/image\/"},"sameAs":["https:\/\/www.facebook.com\/RealEstateAntwerpBE\/","https:\/\/x.com\/RealEstateAntw","https:\/\/www.instagram.com\/realestateantwerp.be\/?hl=en","https:\/\/www.pinterest.com\/realestateantwerpbe\/"]}]}},"_links":{"self":[{"href":"https:\/\/realestateantwerp.be\/fr\/wp-json\/wp\/v2\/pages\/256","targetHints":{"allow":["GET"]}}],"collection":[{"href":"https:\/\/realestateantwerp.be\/fr\/wp-json\/wp\/v2\/pages"}],"about":[{"href":"https:\/\/realestateantwerp.be\/fr\/wp-json\/wp\/v2\/types\/page"}],"author":[{"embeddable":true,"href":"https:\/\/realestateantwerp.be\/fr\/wp-json\/wp\/v2\/users\/1"}],"replies":[{"embeddable":true,"href":"https:\/\/realestateantwerp.be\/fr\/wp-json\/wp\/v2\/comments?post=256"}],"version-history":[{"count":2,"href":"https:\/\/realestateantwerp.be\/fr\/wp-json\/wp\/v2\/pages\/256\/revisions"}],"predecessor-version":[{"id":524,"href":"https:\/\/realestateantwerp.be\/fr\/wp-json\/wp\/v2\/pages\/256\/revisions\/524"}],"wp:featuredmedia":[{"embeddable":true,"href":"https:\/\/realestateantwerp.be\/fr\/wp-json\/wp\/v2\/media\/232"}],"wp:attachment":[{"href":"https:\/\/realestateantwerp.be\/fr\/wp-json\/wp\/v2\/media?parent=256"}],"curies":[{"name":"wp","href":"https:\/\/api.w.org\/{rel}","templated":true}]}}